{"id":13,"date":"2021-04-16T09:43:55","date_gmt":"2021-04-16T07:43:55","guid":{"rendered":"https:\/\/www.chateaudesaintbernard.com\/?page_id=13"},"modified":"2025-07-26T15:37:24","modified_gmt":"2025-07-26T13:37:24","slug":"contact","status":"publish","type":"page","link":"https:\/\/www.chateaudesaintbernard.com\/en\/contact\/","title":{"rendered":"Contact Saint Bernard Castle in the Ain department"},"content":{"rendered":"\t\t<div data-elementor-type=\"wp-page\" data-elementor-id=\"13\" class=\"elementor elementor-13\" data-elementor-post-type=\"page\">\n\t\t\t\t<div class=\"elementor-element elementor-element-b98e57b elementor-hidden-tablet elementor-hidden-mobile e-flex e-con-boxed e-con e-parent\" data-id=\"b98e57b\" data-element_type=\"container\" data-e-type=\"container\" data-settings=\"{&quot;background_background&quot;:&quot;gradient&quot;}\">\n\t\t\t\t\t<div class=\"e-con-inner\">\n\t\t\t\t\t<\/div>\n\t\t\t\t<\/div>\n\t\t<div class=\"elementor-element elementor-element-b93df34 e-flex e-con-boxed e-con e-parent\" data-id=\"b93df34\" data-element_type=\"container\" data-e-type=\"container\" data-settings=\"{&quot;background_background&quot;:&quot;classic&quot;,&quot;motion_fx_motion_fx_scrolling&quot;:&quot;yes&quot;,&quot;motion_fx_blur_effect&quot;:&quot;yes&quot;,&quot;motion_fx_blur_direction&quot;:&quot;in-out&quot;,&quot;motion_fx_blur_level&quot;:{&quot;unit&quot;:&quot;px&quot;,&quot;size&quot;:15,&quot;sizes&quot;:[]},&quot;motion_fx_blur_range&quot;:{&quot;unit&quot;:&quot;%&quot;,&quot;size&quot;:&quot;&quot;,&quot;sizes&quot;:{&quot;start&quot;:39,&quot;end&quot;:100}},&quot;motion_fx_devices&quot;:[&quot;desktop&quot;,&quot;tablet&quot;,&quot;mobile&quot;]}\">\n\t\t\t\t\t<div class=\"e-con-inner\">\n\t\t\t\t\t<\/div>\n\t\t\t\t<\/div>\n\t\t<div class=\"elementor-element elementor-element-9ebd4d6 e-flex e-con-boxed e-con e-parent\" data-id=\"9ebd4d6\" data-element_type=\"container\" data-e-type=\"container\" data-settings=\"{&quot;background_background&quot;:&quot;classic&quot;}\">\n\t\t\t\t\t<div class=\"e-con-inner\">\n\t\t\t\t<div class=\"elementor-element elementor-element-0dddec0 elementor-widget elementor-widget-text-editor\" data-id=\"0dddec0\" data-element_type=\"widget\" data-e-type=\"widget\" data-widget_type=\"text-editor.default\">\n\t\t\t\t<div class=\"elementor-widget-container\">\n\t\t\t\t\t\t\t\t\t<p>Vous avez envie d&rsquo;organiser votre \u00e9v\u00e8nement au Ch\u00e2teau de Saint Bernard ?<\/p><p>Notre \u00e9quipe est \u00e0 votre disposition pour vous accompagner.<\/p>\t\t\t\t\t\t\t\t<\/div>\n\t\t\t\t<\/div>\n\t\t\t\t<div class=\"elementor-element elementor-element-22132f6 elementor-widget elementor-widget-heading\" data-id=\"22132f6\" data-element_type=\"widget\" data-e-type=\"widget\" data-widget_type=\"heading.default\">\n\t\t\t\t<div class=\"elementor-widget-container\">\n\t\t\t\t\t<h2 class=\"elementor-heading-title elementor-size-default\">FORMULAIRE DE CONTACT<\/h2>\t\t\t\t<\/div>\n\t\t\t\t<\/div>\n\t\t\t\t\t<\/div>\n\t\t\t\t<\/div>\n\t\t<div class=\"elementor-element elementor-element-93efdc1 e-flex e-con-boxed e-con e-parent\" data-id=\"93efdc1\" data-element_type=\"container\" data-e-type=\"container\" data-settings=\"{&quot;background_background&quot;:&quot;classic&quot;}\">\n\t\t\t\t\t<div class=\"e-con-inner\">\n\t\t\t\t<div class=\"elementor-element elementor-element-de73a3e elementor-button-align-center elementor-widget elementor-widget-form\" data-id=\"de73a3e\" data-element_type=\"widget\" data-e-type=\"widget\" data-settings=\"{&quot;step_next_label&quot;:&quot;Suivant&quot;,&quot;step_previous_label&quot;:&quot;Pr\\u00e9c\\u00e9dent&quot;,&quot;button_width&quot;:&quot;100&quot;,&quot;step_type&quot;:&quot;number_text&quot;,&quot;step_icon_shape&quot;:&quot;circle&quot;}\" data-widget_type=\"form.default\">\n\t\t\t\t<div class=\"elementor-widget-container\">\n\t\t\t\t\t\t\t<form class=\"elementor-form\" method=\"post\" name=\"Nouveau formulaire\" aria-label=\"Nouveau formulaire\">\n\t\t\t<input type=\"hidden\" name=\"post_id\" value=\"13\"\/>\n\t\t\t<input type=\"hidden\" name=\"form_id\" value=\"de73a3e\"\/>\n\t\t\t<input type=\"hidden\" name=\"referer_title\" value=\"Ch\u00e2teau de Saint-Bernard | Contact\" \/>\n\n\t\t\t\t\t\t\t<input type=\"hidden\" name=\"queried_id\" value=\"13\"\/>\n\t\t\t\n\t\t\t<div class=\"elementor-form-fields-wrapper elementor-labels-\">\n\t\t\t\t\t\t\t\t<div class=\"elementor-field-type-text elementor-field-group elementor-column elementor-field-group-field_fd322a0 elementor-col-100\">\n\t\t\t\t\t\t\t\t\t\t\t\t<label for=\"form-field-field_fd322a0\" class=\"elementor-field-label elementor-screen-only\">\n\t\t\t\t\t\t\t\tNom\t\t\t\t\t\t\t<\/label>\n\t\t\t\t\t\t\t\t\t\t\t\t\t\t<input size=\"1\" type=\"text\" name=\"form_fields[field_fd322a0]\" id=\"form-field-field_fd322a0\" class=\"elementor-field elementor-size-sm  elementor-field-textual\" placeholder=\"Nom\">\n\t\t\t\t\t\t\t\t\t\t\t<\/div>\n\t\t\t\t\t\t\t\t<div class=\"elementor-field-type-tel elementor-field-group elementor-column elementor-field-group-field_5dfe4ce elementor-col-100\">\n\t\t\t\t\t\t\t\t\t\t\t\t<label for=\"form-field-field_5dfe4ce\" class=\"elementor-field-label elementor-screen-only\">\n\t\t\t\t\t\t\t\tT\u00e9l\u00e9phone\t\t\t\t\t\t\t<\/label>\n\t\t\t\t\t\t\t\t<input size=\"1\" type=\"tel\" name=\"form_fields[field_5dfe4ce]\" id=\"form-field-field_5dfe4ce\" class=\"elementor-field elementor-size-sm  elementor-field-textual\" placeholder=\"T\u00e9l\u00e9phone\" pattern=\"[0-9()#&amp;+*-=.]+\" title=\"Seuls les caract\u00e8res de num\u00e9ros de t\u00e9l\u00e9phone (#, -, *, etc.) sont accept\u00e9s.\">\n\n\t\t\t\t\t\t<\/div>\n\t\t\t\t\t\t\t\t<div class=\"elementor-field-type-email elementor-field-group elementor-column elementor-field-group-email elementor-col-100 elementor-field-required\">\n\t\t\t\t\t\t\t\t\t\t\t\t<label for=\"form-field-email\" class=\"elementor-field-label elementor-screen-only\">\n\t\t\t\t\t\t\t\tE-mail\t\t\t\t\t\t\t<\/label>\n\t\t\t\t\t\t\t\t\t\t\t\t\t\t<input size=\"1\" type=\"email\" name=\"form_fields[email]\" id=\"form-field-email\" class=\"elementor-field elementor-size-sm  elementor-field-textual\" placeholder=\"E-mail\" required=\"required\">\n\t\t\t\t\t\t\t\t\t\t\t<\/div>\n\t\t\t\t\t\t\t\t<div class=\"elementor-field-type-text elementor-field-group elementor-column elementor-field-group-field_88f0442 elementor-col-100\">\n\t\t\t\t\t\t\t\t\t\t\t\t<label for=\"form-field-field_88f0442\" class=\"elementor-field-label elementor-screen-only\">\n\t\t\t\t\t\t\t\tEvenement\t\t\t\t\t\t\t<\/label>\n\t\t\t\t\t\t\t\t\t\t\t\t\t\t<input size=\"1\" type=\"text\" name=\"form_fields[field_88f0442]\" id=\"form-field-field_88f0442\" class=\"elementor-field elementor-size-sm  elementor-field-textual\" placeholder=\"Pour quel \u00e9v\u00e9nement ? \">\n\t\t\t\t\t\t\t\t\t\t\t<\/div>\n\t\t\t\t\t\t\t\t<div class=\"elementor-field-type-text elementor-field-group elementor-column elementor-field-group-field_79a168c elementor-col-100\">\n\t\t\t\t\t\t\t\t\t\t\t\t<label for=\"form-field-field_79a168c\" class=\"elementor-field-label elementor-screen-only\">\n\t\t\t\t\t\t\t\tEvenement\t\t\t\t\t\t\t<\/label>\n\t\t\t\t\t\t\t\t\t\t\t\t\t\t<input size=\"1\" type=\"text\" name=\"form_fields[field_79a168c]\" id=\"form-field-field_79a168c\" class=\"elementor-field elementor-size-sm  elementor-field-textual\" placeholder=\"Pour quel \u00e9v\u00e9nement ? \">\n\t\t\t\t\t\t\t\t\t\t\t<\/div>\n\t\t\t\t\t\t\t\t<div class=\"elementor-field-type-text elementor-field-group elementor-column elementor-field-group-field_5af1ca2 elementor-col-100\">\n\t\t\t\t\t\t\t\t\t\t\t\t<label for=\"form-field-field_5af1ca2\" class=\"elementor-field-label elementor-screen-only\">\n\t\t\t\t\t\t\t\tDate\t\t\t\t\t\t\t<\/label>\n\t\t\t\t\t\t\t\t\t\t\t\t\t\t<input size=\"1\" type=\"text\" name=\"form_fields[field_5af1ca2]\" id=\"form-field-field_5af1ca2\" class=\"elementor-field elementor-size-sm  elementor-field-textual\" placeholder=\"A quelle date ou p\u00e9riode ?  \">\n\t\t\t\t\t\t\t\t\t\t\t<\/div>\n\t\t\t\t\t\t\t\t<div class=\"elementor-field-type-text elementor-field-group elementor-column elementor-field-group-field_dd7f741 elementor-col-100\">\n\t\t\t\t\t\t\t\t\t\t\t\t<label for=\"form-field-field_dd7f741\" class=\"elementor-field-label elementor-screen-only\">\n\t\t\t\t\t\t\t\tParticipants\t\t\t\t\t\t\t<\/label>\n\t\t\t\t\t\t\t\t\t\t\t\t\t\t<input size=\"1\" type=\"text\" name=\"form_fields[field_dd7f741]\" id=\"form-field-field_dd7f741\" class=\"elementor-field elementor-size-sm  elementor-field-textual\" placeholder=\"Combien de participants ? \">\n\t\t\t\t\t\t\t\t\t\t\t<\/div>\n\t\t\t\t\t\t\t\t<div class=\"elementor-field-type-textarea elementor-field-group elementor-column elementor-field-group-message elementor-col-100\">\n\t\t\t\t\t\t\t\t\t\t\t\t<label for=\"form-field-message\" class=\"elementor-field-label elementor-screen-only\">\n\t\t\t\t\t\t\t\tMessage\t\t\t\t\t\t\t<\/label>\n\t\t\t\t\t\t<textarea class=\"elementor-field-textual elementor-field  elementor-size-sm\" name=\"form_fields[message]\" id=\"form-field-message\" rows=\"6\" placeholder=\"Votre message\"><\/textarea>\t\t\t\t<\/div>\n\t\t\t\t\t\t\t\t<div class=\"elementor-field-type-acceptance elementor-field-group elementor-column elementor-field-group-field_0e5dbfd elementor-col-100 elementor-field-required\">\n\t\t\t\t\t\t\t\t\t\t\t\t<label for=\"form-field-field_0e5dbfd\" class=\"elementor-field-label elementor-screen-only\">\n\t\t\t\t\t\t\t\tacceptation\t\t\t\t\t\t\t<\/label>\n\t\t\t\t\t\t\t\t<div class=\"elementor-field-subgroup\">\n\t\t\t<span class=\"elementor-field-option\">\n\t\t\t\t<input type=\"checkbox\" name=\"form_fields[field_0e5dbfd]\" id=\"form-field-field_0e5dbfd\" class=\"elementor-field elementor-size-sm  elementor-acceptance-field\" required=\"required\">\n\t\t\t\t<label for=\"form-field-field_0e5dbfd\">J\u2019accepte la politique de confidentialit\u00e9 et de gestion des donn\u00e9es.<\/label>\t\t\t<\/span>\n\t\t<\/div>\n\t\t\t\t\t\t<\/div>\n\t\t\t\t\t\t\t\t<div class=\"elementor-field-group elementor-column elementor-field-type-submit elementor-col-100 e-form__buttons\">\n\t\t\t\t\t<button class=\"elementor-button elementor-size-md\" type=\"submit\">\n\t\t\t\t\t\t<span class=\"elementor-button-content-wrapper\">\n\t\t\t\t\t\t\t\t\t\t\t\t\t\t\t\t\t\t\t\t\t\t<span class=\"elementor-button-text\">Envoyer<\/span>\n\t\t\t\t\t\t\t\t\t\t\t\t\t<\/span>\n\t\t\t\t\t<\/button>\n\t\t\t\t<\/div>\n\t\t\t<\/div>\n\t\t<\/form>\n\t\t\t\t\t\t<\/div>\n\t\t\t\t<\/div>\n\t\t\t\t<div class=\"elementor-element elementor-element-e49bb95 elementor-widget elementor-widget-text-editor\" data-id=\"e49bb95\" data-element_type=\"widget\" data-e-type=\"widget\" data-widget_type=\"text-editor.default\">\n\t\t\t\t<div class=\"elementor-widget-container\">\n\t\t\t\t\t\t\t\t\t<p>Merci et \u00e0 tr\u00e8s bient\u00f4t au Ch\u00e2teau de <br \/>St Bernard !<\/p>\t\t\t\t\t\t\t\t<\/div>\n\t\t\t\t<\/div>\n\t\t\t\t\t<\/div>\n\t\t\t\t<\/div>\n\t\t<div class=\"elementor-element elementor-element-fb2584c e-con-full elementor-hidden-tablet elementor-hidden-mobile e-flex e-con e-parent\" data-id=\"fb2584c\" data-element_type=\"container\" data-e-type=\"container\" data-settings=\"{&quot;background_background&quot;:&quot;classic&quot;}\">\n\t\t<div class=\"elementor-element elementor-element-0dffcd1 e-con-full e-flex e-con e-child\" data-id=\"0dffcd1\" data-element_type=\"container\" data-e-type=\"container\" data-settings=\"{&quot;background_background&quot;:&quot;classic&quot;}\">\n\t\t\t\t<\/div>\n\t\t<div class=\"elementor-element elementor-element-30b75f8 e-con-full e-flex e-con e-child\" data-id=\"30b75f8\" data-element_type=\"container\" data-e-type=\"container\" data-settings=\"{&quot;background_background&quot;:&quot;classic&quot;}\">\n\t\t\t\t<\/div>\n\t\t<div class=\"elementor-element elementor-element-1c04fa4 e-con-full e-flex e-con e-child\" data-id=\"1c04fa4\" data-element_type=\"container\" data-e-type=\"container\" data-settings=\"{&quot;background_background&quot;:&quot;classic&quot;}\">\n\t\t\t\t<\/div>\n\t\t\t\t<\/div>\n\t\t<div class=\"elementor-element elementor-element-fb397e2 elementor-hidden-desktop e-flex e-con-boxed e-con e-parent\" data-id=\"fb397e2\" data-element_type=\"container\" data-e-type=\"container\">\n\t\t\t\t\t<div class=\"e-con-inner\">\n\t\t\t\t<div class=\"elementor-element elementor-element-fabd07e elementor--h-position-center elementor--v-position-middle elementor-arrows-position-inside elementor-pagination-position-inside elementor-widget elementor-widget-slides\" data-id=\"fabd07e\" data-element_type=\"widget\" data-e-type=\"widget\" data-settings=\"{&quot;navigation&quot;:&quot;both&quot;,&quot;autoplay&quot;:&quot;yes&quot;,&quot;pause_on_hover&quot;:&quot;yes&quot;,&quot;pause_on_interaction&quot;:&quot;yes&quot;,&quot;autoplay_speed&quot;:5000,&quot;infinite&quot;:&quot;yes&quot;,&quot;transition&quot;:&quot;slide&quot;,&quot;transition_speed&quot;:500}\" data-widget_type=\"slides.default\">\n\t\t\t\t<div class=\"elementor-widget-container\">\n\t\t\t\t\t\t\t\t\t<div class=\"elementor-swiper\">\n\t\t\t\t\t<div class=\"elementor-slides-wrapper elementor-main-swiper swiper\" role=\"region\" aria-roledescription=\"carousel\" aria-label=\"Diapositives\" dir=\"ltr\" data-animation=\"fadeInUp\">\n\t\t\t\t<div class=\"swiper-wrapper elementor-slides\">\n\t\t\t\t\t\t\t\t\t\t<div class=\"elementor-repeater-item-be80962 swiper-slide\" role=\"group\" aria-roledescription=\"slide\"><div class=\"swiper-slide-bg\" role=\"img\"><\/div><div class=\"swiper-slide-inner\" ><div class=\"swiper-slide-contents\"><\/div><\/div><\/div><div class=\"elementor-repeater-item-69c051a swiper-slide\" role=\"group\" aria-roledescription=\"slide\"><div class=\"swiper-slide-bg\" role=\"img\"><\/div><div class=\"swiper-slide-inner\" ><div class=\"swiper-slide-contents\"><\/div><\/div><\/div><div class=\"elementor-repeater-item-edd8d07 swiper-slide\" role=\"group\" aria-roledescription=\"slide\"><div class=\"swiper-slide-bg\" role=\"img\"><\/div><div class=\"swiper-slide-inner\" ><div class=\"swiper-slide-contents\"><\/div><\/div><\/div>\t\t\t\t<\/div>\n\t\t\t\t\t\t\t\t\t\t\t\t\t\t\t<div class=\"elementor-swiper-button elementor-swiper-button-prev\" role=\"button\" tabindex=\"0\" aria-label=\"Diapositive pr\u00e9c\u00e9dente\">\n\t\t\t\t\t\t\t<i aria-hidden=\"true\" class=\"eicon-chevron-left\"><\/i>\t\t\t\t\t\t<\/div>\n\t\t\t\t\t\t<div class=\"elementor-swiper-button elementor-swiper-button-next\" role=\"button\" tabindex=\"0\" aria-label=\"Diapositive suivante\">\n\t\t\t\t\t\t\t<i aria-hidden=\"true\" class=\"eicon-chevron-right\"><\/i>\t\t\t\t\t\t<\/div>\n\t\t\t\t\t\t\t\t\t\t\t\t\t\t\t\t<div class=\"swiper-pagination\"><\/div>\n\t\t\t\t\t\t\t\t\t\t\t\t<\/div>\n\t\t\t\t<\/div>\n\t\t\t\t\t\t\t\t<\/div>\n\t\t\t\t<\/div>\n\t\t\t\t\t<\/div>\n\t\t\t\t<\/div>\n\t\t\t\t<\/div>\n\t\t","protected":false},"excerpt":{"rendered":"<p>Vous avez envie d&rsquo;organiser votre \u00e9v\u00e8nement au Ch\u00e2teau de Saint Bernard ? Notre \u00e9quipe est \u00e0 votre disposition pour vous accompagner. FORMULAIRE DE CONTACT Merci et \u00e0 tr\u00e8s bient\u00f4t au Ch\u00e2teau de St Bernard !<\/p>","protected":false},"author":1,"featured_media":2881,"parent":0,"menu_order":0,"comment_status":"closed","ping_status":"closed","template":"","meta":{"footnotes":""},"class_list":["post-13","page","type-page","status-publish","has-post-thumbnail","hentry"],"yoast_head":"<!-- This site is optimized with the Yoast SEO plugin v27.1.1 - https:\/\/yoast.com\/product\/yoast-seo-wordpress\/ -->\n<title>Ch\u00e2teau de Saint-Bernard | Contact<\/title>\n<meta name=\"description\" content=\"Contactez le Ch\u00e2teau de Saint Bernard pour toutes informations et pour organiser vos s\u00e9minaires, mariages, et autres \u00e9v\u00e9nements.\" \/>\n<meta name=\"robots\" content=\"index, follow, max-snippet:-1, max-image-preview:large, max-video-preview:-1\" \/>\n<link rel=\"canonical\" href=\"https:\/\/www.chateaudesaintbernard.com\/en\/contact\/\" \/>\n<meta property=\"og:locale\" content=\"en_GB\" \/>\n<meta property=\"og:type\" content=\"article\" \/>\n<meta property=\"og:title\" content=\"Ch\u00e2teau de Saint-Bernard | Contact\" \/>\n<meta property=\"og:description\" content=\"Contactez le Ch\u00e2teau de Saint Bernard pour toutes informations et pour organiser vos s\u00e9minaires, mariages, et autres \u00e9v\u00e9nements.\" \/>\n<meta property=\"og:url\" content=\"https:\/\/www.chateaudesaintbernard.com\/en\/contact\/\" \/>\n<meta property=\"og:site_name\" content=\"Chateau de Saint Bernard\" \/>\n<meta property=\"article:modified_time\" content=\"2025-07-26T13:37:24+00:00\" \/>\n<meta property=\"og:image\" content=\"https:\/\/www.chateaudesaintbernard.com\/wp-content\/uploads\/2024\/12\/header-visite.webp\" \/>\n\t<meta property=\"og:image:width\" content=\"2500\" \/>\n\t<meta property=\"og:image:height\" content=\"1872\" \/>\n\t<meta property=\"og:image:type\" content=\"image\/webp\" \/>\n<meta name=\"twitter:card\" content=\"summary_large_image\" \/>\n<meta name=\"twitter:label1\" content=\"Estimated reading time\" \/>\n\t<meta name=\"twitter:data1\" content=\"1 minute\" \/>\n<script type=\"application\/ld+json\" class=\"yoast-schema-graph\">{\"@context\":\"https:\/\/schema.org\",\"@graph\":[{\"@type\":\"WebPage\",\"@id\":\"https:\/\/www.chateaudesaintbernard.com\/contact\/\",\"url\":\"https:\/\/www.chateaudesaintbernard.com\/contact\/\",\"name\":\"Ch\u00e2teau de Saint-Bernard | Contact\",\"isPartOf\":{\"@id\":\"https:\/\/www.chateaudesaintbernard.com\/#website\"},\"primaryImageOfPage\":{\"@id\":\"https:\/\/www.chateaudesaintbernard.com\/contact\/#primaryimage\"},\"image\":{\"@id\":\"https:\/\/www.chateaudesaintbernard.com\/contact\/#primaryimage\"},\"thumbnailUrl\":\"https:\/\/www.chateaudesaintbernard.com\/wp-content\/uploads\/2024\/12\/header-visite.webp\",\"datePublished\":\"2021-04-16T07:43:55+00:00\",\"dateModified\":\"2025-07-26T13:37:24+00:00\",\"description\":\"Contactez le Ch\u00e2teau de Saint Bernard pour toutes informations et pour organiser vos s\u00e9minaires, mariages, et autres \u00e9v\u00e9nements.\",\"breadcrumb\":{\"@id\":\"https:\/\/www.chateaudesaintbernard.com\/contact\/#breadcrumb\"},\"inLanguage\":\"en-GB\",\"potentialAction\":[{\"@type\":\"ReadAction\",\"target\":[\"https:\/\/www.chateaudesaintbernard.com\/contact\/\"]}]},{\"@type\":\"ImageObject\",\"inLanguage\":\"en-GB\",\"@id\":\"https:\/\/www.chateaudesaintbernard.com\/contact\/#primaryimage\",\"url\":\"https:\/\/www.chateaudesaintbernard.com\/wp-content\/uploads\/2024\/12\/header-visite.webp\",\"contentUrl\":\"https:\/\/www.chateaudesaintbernard.com\/wp-content\/uploads\/2024\/12\/header-visite.webp\",\"width\":2500,\"height\":1872,\"caption\":\"Vue globale du Ch\u00e2eau de Saint Bernard\"},{\"@type\":\"BreadcrumbList\",\"@id\":\"https:\/\/www.chateaudesaintbernard.com\/contact\/#breadcrumb\",\"itemListElement\":[{\"@type\":\"ListItem\",\"position\":1,\"name\":\"Accueil\",\"item\":\"https:\/\/www.chateaudesaintbernard.com\/\"},{\"@type\":\"ListItem\",\"position\":2,\"name\":\"Contact du Ch\u00e2teau de St Bernard dans l&rsquo;Ain\"}]},{\"@type\":\"WebSite\",\"@id\":\"https:\/\/www.chateaudesaintbernard.com\/#website\",\"url\":\"https:\/\/www.chateaudesaintbernard.com\/\",\"name\":\"Chateau de Saint Bernard\",\"description\":\"Organisez vos mariages, s\u00e9minaires et \u00e9v\u00e8nements\",\"publisher\":{\"@id\":\"https:\/\/www.chateaudesaintbernard.com\/#organization\"},\"potentialAction\":[{\"@type\":\"SearchAction\",\"target\":{\"@type\":\"EntryPoint\",\"urlTemplate\":\"https:\/\/www.chateaudesaintbernard.com\/?s={search_term_string}\"},\"query-input\":{\"@type\":\"PropertyValueSpecification\",\"valueRequired\":true,\"valueName\":\"search_term_string\"}}],\"inLanguage\":\"en-GB\"},{\"@type\":\"Organization\",\"@id\":\"https:\/\/www.chateaudesaintbernard.com\/#organization\",\"name\":\"Chateau de Saint Bernard\",\"url\":\"https:\/\/www.chateaudesaintbernard.com\/\",\"logo\":{\"@type\":\"ImageObject\",\"inLanguage\":\"en-GB\",\"@id\":\"https:\/\/www.chateaudesaintbernard.com\/#\/schema\/logo\/image\/\",\"url\":\"https:\/\/www.chateaudesaintbernard.com\/wp-content\/uploads\/2024\/12\/Saint-Bernard-histoire.webp\",\"contentUrl\":\"https:\/\/www.chateaudesaintbernard.com\/wp-content\/uploads\/2024\/12\/Saint-Bernard-histoire.webp\",\"width\":1000,\"height\":749,\"caption\":\"Chateau de Saint Bernard\"},\"image\":{\"@id\":\"https:\/\/www.chateaudesaintbernard.com\/#\/schema\/logo\/image\/\"}}]}<\/script>\n<!-- \/ Yoast SEO plugin. -->","yoast_head_json":{"title":"Ch\u00e2teau de Saint-Bernard | Contact","description":"Contactez le Ch\u00e2teau de Saint Bernard pour toutes informations et pour organiser vos s\u00e9minaires, mariages, et autres \u00e9v\u00e9nements.","robots":{"index":"index","follow":"follow","max-snippet":"max-snippet:-1","max-image-preview":"max-image-preview:large","max-video-preview":"max-video-preview:-1"},"canonical":"https:\/\/www.chateaudesaintbernard.com\/en\/contact\/","og_locale":"en_GB","og_type":"article","og_title":"Ch\u00e2teau de Saint-Bernard | Contact","og_description":"Contactez le Ch\u00e2teau de Saint Bernard pour toutes informations et pour organiser vos s\u00e9minaires, mariages, et autres \u00e9v\u00e9nements.","og_url":"https:\/\/www.chateaudesaintbernard.com\/en\/contact\/","og_site_name":"Chateau de Saint Bernard","article_modified_time":"2025-07-26T13:37:24+00:00","og_image":[{"width":2500,"height":1872,"url":"https:\/\/www.chateaudesaintbernard.com\/wp-content\/uploads\/2024\/12\/header-visite.webp","type":"image\/webp"}],"twitter_card":"summary_large_image","twitter_misc":{"Estimated reading time":"1 minute"},"schema":{"@context":"https:\/\/schema.org","@graph":[{"@type":"WebPage","@id":"https:\/\/www.chateaudesaintbernard.com\/contact\/","url":"https:\/\/www.chateaudesaintbernard.com\/contact\/","name":"Ch\u00e2teau de Saint-Bernard | Contact","isPartOf":{"@id":"https:\/\/www.chateaudesaintbernard.com\/#website"},"primaryImageOfPage":{"@id":"https:\/\/www.chateaudesaintbernard.com\/contact\/#primaryimage"},"image":{"@id":"https:\/\/www.chateaudesaintbernard.com\/contact\/#primaryimage"},"thumbnailUrl":"https:\/\/www.chateaudesaintbernard.com\/wp-content\/uploads\/2024\/12\/header-visite.webp","datePublished":"2021-04-16T07:43:55+00:00","dateModified":"2025-07-26T13:37:24+00:00","description":"Contactez le Ch\u00e2teau de Saint Bernard pour toutes informations et pour organiser vos s\u00e9minaires, mariages, et autres \u00e9v\u00e9nements.","breadcrumb":{"@id":"https:\/\/www.chateaudesaintbernard.com\/contact\/#breadcrumb"},"inLanguage":"en-GB","potentialAction":[{"@type":"ReadAction","target":["https:\/\/www.chateaudesaintbernard.com\/contact\/"]}]},{"@type":"ImageObject","inLanguage":"en-GB","@id":"https:\/\/www.chateaudesaintbernard.com\/contact\/#primaryimage","url":"https:\/\/www.chateaudesaintbernard.com\/wp-content\/uploads\/2024\/12\/header-visite.webp","contentUrl":"https:\/\/www.chateaudesaintbernard.com\/wp-content\/uploads\/2024\/12\/header-visite.webp","width":2500,"height":1872,"caption":"Vue globale du Ch\u00e2eau de Saint Bernard"},{"@type":"BreadcrumbList","@id":"https:\/\/www.chateaudesaintbernard.com\/contact\/#breadcrumb","itemListElement":[{"@type":"ListItem","position":1,"name":"Accueil","item":"https:\/\/www.chateaudesaintbernard.com\/"},{"@type":"ListItem","position":2,"name":"Contact du Ch\u00e2teau de St Bernard dans l&rsquo;Ain"}]},{"@type":"WebSite","@id":"https:\/\/www.chateaudesaintbernard.com\/#website","url":"https:\/\/www.chateaudesaintbernard.com\/","name":"Chateau de Saint Bernard","description":"Organisez vos mariages, s\u00e9minaires et \u00e9v\u00e8nements","publisher":{"@id":"https:\/\/www.chateaudesaintbernard.com\/#organization"},"potentialAction":[{"@type":"SearchAction","target":{"@type":"EntryPoint","urlTemplate":"https:\/\/www.chateaudesaintbernard.com\/?s={search_term_string}"},"query-input":{"@type":"PropertyValueSpecification","valueRequired":true,"valueName":"search_term_string"}}],"inLanguage":"en-GB"},{"@type":"Organization","@id":"https:\/\/www.chateaudesaintbernard.com\/#organization","name":"Chateau de Saint Bernard","url":"https:\/\/www.chateaudesaintbernard.com\/","logo":{"@type":"ImageObject","inLanguage":"en-GB","@id":"https:\/\/www.chateaudesaintbernard.com\/#\/schema\/logo\/image\/","url":"https:\/\/www.chateaudesaintbernard.com\/wp-content\/uploads\/2024\/12\/Saint-Bernard-histoire.webp","contentUrl":"https:\/\/www.chateaudesaintbernard.com\/wp-content\/uploads\/2024\/12\/Saint-Bernard-histoire.webp","width":1000,"height":749,"caption":"Chateau de Saint Bernard"},"image":{"@id":"https:\/\/www.chateaudesaintbernard.com\/#\/schema\/logo\/image\/"}}]}},"_links":{"self":[{"href":"https:\/\/www.chateaudesaintbernard.com\/en\/wp-json\/wp\/v2\/pages\/13","targetHints":{"allow":["GET"]}}],"collection":[{"href":"https:\/\/www.chateaudesaintbernard.com\/en\/wp-json\/wp\/v2\/pages"}],"about":[{"href":"https:\/\/www.chateaudesaintbernard.com\/en\/wp-json\/wp\/v2\/types\/page"}],"author":[{"embeddable":true,"href":"https:\/\/www.chateaudesaintbernard.com\/en\/wp-json\/wp\/v2\/users\/1"}],"replies":[{"embeddable":true,"href":"https:\/\/www.chateaudesaintbernard.com\/en\/wp-json\/wp\/v2\/comments?post=13"}],"version-history":[{"count":339,"href":"https:\/\/www.chateaudesaintbernard.com\/en\/wp-json\/wp\/v2\/pages\/13\/revisions"}],"predecessor-version":[{"id":3498,"href":"https:\/\/www.chateaudesaintbernard.com\/en\/wp-json\/wp\/v2\/pages\/13\/revisions\/3498"}],"wp:featuredmedia":[{"embeddable":true,"href":"https:\/\/www.chateaudesaintbernard.com\/en\/wp-json\/wp\/v2\/media\/2881"}],"wp:attachment":[{"href":"https:\/\/www.chateaudesaintbernard.com\/en\/wp-json\/wp\/v2\/media?parent=13"}],"curies":[{"name":"wp","href":"https:\/\/api.w.org\/{rel}","templated":true}]}}