{"id":17,"date":"2021-04-16T09:44:52","date_gmt":"2021-04-16T07:44:52","guid":{"rendered":"https:\/\/www.chateaudesaintbernard.com\/?page_id=17"},"modified":"2025-07-21T21:05:08","modified_gmt":"2025-07-21T19:05:08","slug":"mentions-legales","status":"publish","type":"page","link":"https:\/\/www.chateaudesaintbernard.com\/en\/mentions-legales\/","title":{"rendered":"Terms and conditions"},"content":{"rendered":"<div data-elementor-type=\"wp-page\" data-elementor-id=\"17\" class=\"elementor elementor-17\" data-elementor-post-type=\"page\">\n\t\t\t\t<div class=\"elementor-element elementor-element-181c194 e-flex e-con-boxed e-con e-parent\" data-id=\"181c194\" data-element_type=\"container\" data-e-type=\"container\">\n\t\t\t\t\t<div class=\"e-con-inner\">\n\t\t\t\t<div class=\"elementor-element elementor-element-dd08abc elementor-widget elementor-widget-heading\" data-id=\"dd08abc\" data-element_type=\"widget\" data-e-type=\"widget\" data-widget_type=\"heading.default\">\n\t\t\t\t<div class=\"elementor-widget-container\">\n\t\t\t\t\t<h2 class=\"elementor-heading-title elementor-size-default\">photo and video credits<\/h2>\t\t\t\t<\/div>\n\t\t\t\t<\/div>\n\t\t\t\t<div class=\"elementor-element elementor-element-35ed13e elementor-widget elementor-widget-text-editor\" data-id=\"35ed13e\" data-element_type=\"widget\" data-e-type=\"widget\" data-widget_type=\"text-editor.default\">\n\t\t\t\t<div class=\"elementor-widget-container\">\n\t\t\t\t\t\t\t\t\t<p>Many thanks to :<\/p>\t\t\t\t\t\t\t\t<\/div>\n\t\t\t\t<\/div>\n\t\t\t\t<div class=\"elementor-element elementor-element-2676bd9 elementor-widget elementor-widget-text-editor\" data-id=\"2676bd9\" data-element_type=\"widget\" data-e-type=\"widget\" data-widget_type=\"text-editor.default\">\n\t\t\t\t<div class=\"elementor-widget-container\">\n\t\t\t\t\t\t\t\t\t<p><strong>Images :\u00a0<\/strong><\/p><p>Chanmouny Kim<br \/><a href=\"https:\/\/chanmounykim.com\/\">https:\/\/chanmounykim.com\/<\/a><\/p><p>Philippe Mesa<br \/><a href=\"https:\/\/www.regards-complices.fr\/\">https:\/\/www.regards-complices.fr\/<\/a><\/p><p>Am\u00e9lie Reboul<br \/><a href=\"https:\/\/www.ameliereboul.fr\/\">https:\/\/www.ameliereboul.fr\/<\/a><\/p><p>Lo\u00efs Nagir<br \/><a href=\"https:\/\/loisnagir.book.fr\/\">https:\/\/loisnagir.book.fr\/<\/a><\/p><p>Vianney<br \/><a href=\"https:\/\/www.vianneyphotographie.fr\/\">https:\/\/www.vianneyphotographie.fr\/<\/a><\/p><p>David Desaleux<\/p><p>Louis Houdus<\/p><p>Les Ateliers Graphiques<\/p><p>Peintures d&rsquo;Utrillo et de Valadon depuis <a href=\"https:\/\/commons.wikimedia.org\/\">https:\/\/commons.wikimedia.org\/<\/a><\/p><p><strong>Videos :\u00a0<\/strong><\/p><p><span style=\"color: var( --e-global-color-text ); font-family: var( --e-global-typography-text-font-family ), Sans-serif; font-weight: var( --e-global-typography-text-font-weight ); text-align: var(--text-align); font-size: 1rem;\">C1D Didier Lapalus\u00a0<\/span><\/p><p>Extract from the programme \u2018Des Racines et Des Ailes : Des monts Jura au Val de Sa\u00f4ne\u2019 broadcast on 17\/05\/2017.<\/p>\t\t\t\t\t\t\t\t<\/div>\n\t\t\t\t<\/div>\n\t\t\t\t<div class=\"elementor-element elementor-element-0bd0ec3 elementor-widget elementor-widget-text-editor\" data-id=\"0bd0ec3\" data-element_type=\"widget\" data-e-type=\"widget\" data-widget_type=\"text-editor.default\">\n\t\t\t\t<div class=\"elementor-widget-container\">\n\t\t\t\t\t\t\t\t\t<p>And to all the brides, especially Elsa &amp; Thomas!<\/p>\t\t\t\t\t\t\t\t<\/div>\n\t\t\t\t<\/div>\n\t\t\t\t\t<\/div>\n\t\t\t\t<\/div>\n\t\t<div class=\"elementor-element elementor-element-ae2baeb e-flex e-con-boxed e-con e-parent\" data-id=\"ae2baeb\" data-element_type=\"container\" data-e-type=\"container\">\n\t\t\t\t\t<div class=\"e-con-inner\">\n\t\t\t\t<div class=\"elementor-element elementor-element-c7d3db2 elementor-widget elementor-widget-heading\" data-id=\"c7d3db2\" data-element_type=\"widget\" data-e-type=\"widget\" data-widget_type=\"heading.default\">\n\t\t\t\t<div class=\"elementor-widget-container\">\n\t\t\t\t\t<h2 class=\"elementor-heading-title elementor-size-default\">Terms and conditions<\/h2>\t\t\t\t<\/div>\n\t\t\t\t<\/div>\n\t\t<div class=\"elementor-element elementor-element-31d48ab e-con-full e-flex e-con e-child\" data-id=\"31d48ab\" data-element_type=\"container\" data-e-type=\"container\">\n\t\t<div class=\"elementor-element elementor-element-ee4ab63 e-con-full e-flex e-con e-child\" data-id=\"ee4ab63\" data-element_type=\"container\" data-e-type=\"container\">\n\t\t\t\t<div class=\"elementor-element elementor-element-2a2a8fe elementor-widget elementor-widget-text-editor\" data-id=\"2a2a8fe\" data-element_type=\"widget\" data-e-type=\"widget\" data-widget_type=\"text-editor.default\">\n\t\t\t\t<div class=\"elementor-widget-container\">\n\t\t\t\t\t\t\t\t\t<p>The website is the property of :\u00a0<\/p>\t\t\t\t\t\t\t\t<\/div>\n\t\t\t\t<\/div>\n\t\t\t\t<div class=\"elementor-element elementor-element-fe3d727 elementor-widget elementor-widget-text-editor\" data-id=\"fe3d727\" data-element_type=\"widget\" data-e-type=\"widget\" data-widget_type=\"text-editor.default\">\n\t\t\t\t<div class=\"elementor-widget-container\">\n\t\t\t\t\t\t\t\t\t<p>Sas Ch\u00e2teau de Saint Bernard\u00a0<\/p><p>152 Avenue Suzanne Valadon 01600 Saint-Bernard\u00a0<\/p><p>contact@chateaudestbernard.com<\/p><p>N\u00b0SIRET : 93192041700017<\/p><p>N\u00b0 identifiant TVA : FR06931920417<\/p>\t\t\t\t\t\t\t\t<\/div>\n\t\t\t\t<\/div>\n\t\t\t\t<\/div>\n\t\t<div class=\"elementor-element elementor-element-d104260 e-con-full e-flex e-con e-child\" data-id=\"d104260\" data-element_type=\"container\" data-e-type=\"container\">\n\t\t\t\t<div class=\"elementor-element elementor-element-71306ab elementor-widget elementor-widget-text-editor\" data-id=\"71306ab\" data-element_type=\"widget\" data-e-type=\"widget\" data-widget_type=\"text-editor.default\">\n\t\t\t\t<div class=\"elementor-widget-container\">\n\t\t\t\t\t\t\t\t\t<p>Site host :\u00a0<\/p>\t\t\t\t\t\t\t\t<\/div>\n\t\t\t\t<\/div>\n\t\t\t\t<div class=\"elementor-element elementor-element-38cf253 elementor-widget elementor-widget-text-editor\" data-id=\"38cf253\" data-element_type=\"widget\" data-e-type=\"widget\" data-widget_type=\"text-editor.default\">\n\t\t\t\t<div class=\"elementor-widget-container\">\n\t\t\t\t\t\t\t\t\t<p>AlwaysData<\/p><p>91 rue du Faubourg Saint Honor\u00e9 \u2013 75008 Paris<\/p><p>+33184162340<\/p>\t\t\t\t\t\t\t\t<\/div>\n\t\t\t\t<\/div>\n\t\t\t\t<\/div>\n\t\t\t\t<\/div>\n\t\t<div class=\"elementor-element elementor-element-b3e9cd2 e-con-full e-flex e-con e-child\" data-id=\"b3e9cd2\" data-element_type=\"container\" data-e-type=\"container\">\n\t\t\t\t<div class=\"elementor-element elementor-element-9cd2a0d elementor-widget elementor-widget-text-editor\" data-id=\"9cd2a0d\" data-element_type=\"widget\" data-e-type=\"widget\" data-widget_type=\"text-editor.default\">\n\t\t\t\t<div class=\"elementor-widget-container\">\n\t\t\t\t\t\t\t\t\t<p>Webmaster<\/p>\t\t\t\t\t\t\t\t<\/div>\n\t\t\t\t<\/div>\n\t\t\t\t<div class=\"elementor-element elementor-element-a745d91 elementor-widget elementor-widget-text-editor\" data-id=\"a745d91\" data-element_type=\"widget\" data-e-type=\"widget\" data-widget_type=\"text-editor.default\">\n\t\t\t\t<div class=\"elementor-widget-container\">\n\t\t\t\t\t\t\t\t\t<p>Camille Sabot<\/p>\t\t\t\t\t\t\t\t<\/div>\n\t\t\t\t<\/div>\n\t\t\t\t<\/div>\n\t\t\t\t\t<\/div>\n\t\t\t\t<\/div>\n\t\t<div class=\"elementor-element elementor-element-4225fcf e-flex e-con-boxed e-con e-parent\" data-id=\"4225fcf\" data-element_type=\"container\" data-e-type=\"container\">\n\t\t\t\t\t<div class=\"e-con-inner\">\n\t\t\t\t<div class=\"elementor-element elementor-element-ed72086 elementor-widget elementor-widget-heading\" data-id=\"ed72086\" data-element_type=\"widget\" data-e-type=\"widget\" data-widget_type=\"heading.default\">\n\t\t\t\t<div class=\"elementor-widget-container\">\n\t\t\t\t\t<h2 class=\"elementor-heading-title elementor-size-default\">Privacy policy<\/h2>\t\t\t\t<\/div>\n\t\t\t\t<\/div>\n\t\t\t\t<div class=\"elementor-element elementor-element-ca8bc0c elementor-widget elementor-widget-text-editor\" data-id=\"ca8bc0c\" data-element_type=\"widget\" data-e-type=\"widget\" data-widget_type=\"text-editor.default\">\n\t\t\t\t<div class=\"elementor-widget-container\">\n\t\t\t\t\t\t\t\t\t<p>Saint Bernard Castle respects your privacy and is committed to protecting your personal data in accordance with the General Data Protection Regulation (GDPR).<\/p><p><strong>Data collected<\/strong><\/p><p>The personal data collected on this site (surname, first name, e-mail address, details of the service) are used for :<\/p><p>- Process your request and answer your questions;<\/p><p>- Perform the agreed service;<\/p><p>- Enable billing and communication related to your request.<\/p><p><strong>Data retention<\/strong><\/p><p>Data is kept for as long as is necessary to achieve the above-mentioned purposes, and then archived for the period required by the applicable legislation.<\/p><p><strong>User rights<\/strong><\/p><p>In accordance with the regulations, you have the following rights:<\/p><p>- Access to your personal data ;<\/p><p>- Request their rectification or deletion;<\/p><p>- Oppose or request the restriction of the processing of your personal data;<\/p><p>- Withdraw your consent at any time;<\/p><p>- Request the portability of your data;<\/p><p>- File a complaint with the CNIL (https:\/\/www.cnil.fr).<\/p><p>To exercise your rights, contact us via the page <a href=\"https:\/\/elementor.localhost\/contact\/\">Contact<\/a>.<\/p><p><strong>Cookies<\/strong><\/p><p>By continuing to browse this site, you accept the use of cookies:<\/p><p>- Necessary cookies: ensure that the site functions properly;<\/p><p>- Analytical cookies: measure site performance (Google Analytics);<\/p><p>- Third-party cookies: to integrate external tools (e.g. videos, social networks).<\/p><p>You can manage or deactivate cookies in your browser settings, or refuse them when you arrive on the site.<\/p><p><strong>Security<\/strong><\/p><p>We apply technical and organisational measures to protect your data against unauthorised access, loss or disclosure.<\/p><p><strong>Data controller<\/strong><\/p><p>The data controller is SAS Ch\u00e2teau de Saint Bernard, located at 152 Avenue Suzanne Valadon 01600 Saint-Bernard. Contact: contact@chateaudestbernard.com.<\/p><p>No data collected on this site is shared with third parties or transferred outside the European Union.<\/p>\t\t\t\t\t\t\t\t<\/div>\n\t\t\t\t<\/div>\n\t\t\t\t\t<\/div>\n\t\t\t\t<\/div>\n\t\t\t\t<\/div>","protected":false},"excerpt":{"rendered":"<p>cr\u00e9dits photos et vid\u00e9os Un grand merci \u00e0\u00a0: Images :\u00a0 Chanmouny Kimhttps:\/\/chanmounykim.com\/ Philippe Mesahttps:\/\/www.regards-complices.fr\/ Am\u00e9lie Reboulhttps:\/\/www.ameliereboul.fr\/ Lo\u00efs Nagirhttps:\/\/loisnagir.book.fr\/ Vianneyhttps:\/\/www.vianneyphotographie.fr\/ David Desaleux Louis Houdus Les Ateliers Graphiques Peintures d&rsquo;Utrillo et de Valadon depuis https:\/\/commons.wikimedia.org\/ Vid\u00e9os :\u00a0 C1D Didier Lapalus\u00a0 Extrait de l&rsquo;\u00e9mission \u00ab\u00a0Des Racines et Des Ailes : Des monts Jura au Val de Sa\u00f4ne\u00a0\u00bb diffus\u00e9e [&hellip;]<\/p>\n","protected":false},"author":1,"featured_media":0,"parent":0,"menu_order":0,"comment_status":"closed","ping_status":"closed","template":"","meta":{"footnotes":""},"class_list":["post-17","page","type-page","status-publish","hentry"],"yoast_head":"<!-- This site is optimized with the Yoast SEO plugin v27.1.1 - https:\/\/yoast.com\/product\/yoast-seo-wordpress\/ -->\n<title>Mentions l\u00e9gales | Ch\u00e2teau St Bernard<\/title>\n<meta name=\"robots\" content=\"index, follow, max-snippet:-1, max-image-preview:large, max-video-preview:-1\" \/>\n<link rel=\"canonical\" href=\"https:\/\/www.chateaudesaintbernard.com\/en\/mentions-legales\/\" \/>\n<meta property=\"og:locale\" content=\"en_GB\" \/>\n<meta property=\"og:type\" content=\"article\" \/>\n<meta property=\"og:title\" content=\"Mentions l\u00e9gales | Ch\u00e2teau St Bernard\" \/>\n<meta property=\"og:description\" content=\"cr\u00e9dits photos et vid\u00e9os Un grand merci \u00e0\u00a0: Images :\u00a0 Chanmouny Kimhttps:\/\/chanmounykim.com\/ Philippe Mesahttps:\/\/www.regards-complices.fr\/ Am\u00e9lie Reboulhttps:\/\/www.ameliereboul.fr\/ Lo\u00efs Nagirhttps:\/\/loisnagir.book.fr\/ Vianneyhttps:\/\/www.vianneyphotographie.fr\/ David Desaleux Louis Houdus Les Ateliers Graphiques Peintures d&rsquo;Utrillo et de Valadon depuis https:\/\/commons.wikimedia.org\/ Vid\u00e9os :\u00a0 C1D Didier Lapalus\u00a0 Extrait de l&rsquo;\u00e9mission \u00ab\u00a0Des Racines et Des Ailes : Des monts Jura au Val de Sa\u00f4ne\u00a0\u00bb diffus\u00e9e [&hellip;]\" \/>\n<meta property=\"og:url\" content=\"https:\/\/www.chateaudesaintbernard.com\/en\/mentions-legales\/\" \/>\n<meta property=\"og:site_name\" content=\"Chateau de Saint Bernard\" \/>\n<meta property=\"article:modified_time\" content=\"2025-07-21T19:05:08+00:00\" \/>\n<meta name=\"twitter:card\" content=\"summary_large_image\" \/>\n<meta name=\"twitter:label1\" content=\"Estimated reading time\" \/>\n\t<meta name=\"twitter:data1\" content=\"3 minutes\" \/>\n<script type=\"application\/ld+json\" class=\"yoast-schema-graph\">{\"@context\":\"https:\/\/schema.org\",\"@graph\":[{\"@type\":\"WebPage\",\"@id\":\"https:\/\/www.chateaudesaintbernard.com\/mentions-legales\/\",\"url\":\"https:\/\/www.chateaudesaintbernard.com\/mentions-legales\/\",\"name\":\"Mentions l\u00e9gales | Ch\u00e2teau St Bernard\",\"isPartOf\":{\"@id\":\"https:\/\/www.chateaudesaintbernard.com\/#website\"},\"datePublished\":\"2021-04-16T07:44:52+00:00\",\"dateModified\":\"2025-07-21T19:05:08+00:00\",\"breadcrumb\":{\"@id\":\"https:\/\/www.chateaudesaintbernard.com\/mentions-legales\/#breadcrumb\"},\"inLanguage\":\"en-GB\",\"potentialAction\":[{\"@type\":\"ReadAction\",\"target\":[\"https:\/\/www.chateaudesaintbernard.com\/mentions-legales\/\"]}]},{\"@type\":\"BreadcrumbList\",\"@id\":\"https:\/\/www.chateaudesaintbernard.com\/mentions-legales\/#breadcrumb\",\"itemListElement\":[{\"@type\":\"ListItem\",\"position\":1,\"name\":\"Accueil\",\"item\":\"https:\/\/www.chateaudesaintbernard.com\/\"},{\"@type\":\"ListItem\",\"position\":2,\"name\":\"Mentions l\u00e9gales\"}]},{\"@type\":\"WebSite\",\"@id\":\"https:\/\/www.chateaudesaintbernard.com\/#website\",\"url\":\"https:\/\/www.chateaudesaintbernard.com\/\",\"name\":\"Chateau de Saint Bernard\",\"description\":\"Organisez vos mariages, s\u00e9minaires et \u00e9v\u00e8nements\",\"publisher\":{\"@id\":\"https:\/\/www.chateaudesaintbernard.com\/#organization\"},\"potentialAction\":[{\"@type\":\"SearchAction\",\"target\":{\"@type\":\"EntryPoint\",\"urlTemplate\":\"https:\/\/www.chateaudesaintbernard.com\/?s={search_term_string}\"},\"query-input\":{\"@type\":\"PropertyValueSpecification\",\"valueRequired\":true,\"valueName\":\"search_term_string\"}}],\"inLanguage\":\"en-GB\"},{\"@type\":\"Organization\",\"@id\":\"https:\/\/www.chateaudesaintbernard.com\/#organization\",\"name\":\"Chateau de Saint Bernard\",\"url\":\"https:\/\/www.chateaudesaintbernard.com\/\",\"logo\":{\"@type\":\"ImageObject\",\"inLanguage\":\"en-GB\",\"@id\":\"https:\/\/www.chateaudesaintbernard.com\/#\/schema\/logo\/image\/\",\"url\":\"https:\/\/www.chateaudesaintbernard.com\/wp-content\/uploads\/2024\/12\/Saint-Bernard-histoire.webp\",\"contentUrl\":\"https:\/\/www.chateaudesaintbernard.com\/wp-content\/uploads\/2024\/12\/Saint-Bernard-histoire.webp\",\"width\":1000,\"height\":749,\"caption\":\"Chateau de Saint Bernard\"},\"image\":{\"@id\":\"https:\/\/www.chateaudesaintbernard.com\/#\/schema\/logo\/image\/\"}}]}<\/script>\n<!-- \/ Yoast SEO plugin. -->","yoast_head_json":{"title":"Mentions l\u00e9gales | Ch\u00e2teau St Bernard","robots":{"index":"index","follow":"follow","max-snippet":"max-snippet:-1","max-image-preview":"max-image-preview:large","max-video-preview":"max-video-preview:-1"},"canonical":"https:\/\/www.chateaudesaintbernard.com\/en\/mentions-legales\/","og_locale":"en_GB","og_type":"article","og_title":"Mentions l\u00e9gales | Ch\u00e2teau St Bernard","og_description":"cr\u00e9dits photos et vid\u00e9os Un grand merci \u00e0\u00a0: Images :\u00a0 Chanmouny Kimhttps:\/\/chanmounykim.com\/ Philippe Mesahttps:\/\/www.regards-complices.fr\/ Am\u00e9lie Reboulhttps:\/\/www.ameliereboul.fr\/ Lo\u00efs Nagirhttps:\/\/loisnagir.book.fr\/ Vianneyhttps:\/\/www.vianneyphotographie.fr\/ David Desaleux Louis Houdus Les Ateliers Graphiques Peintures d&rsquo;Utrillo et de Valadon depuis https:\/\/commons.wikimedia.org\/ Vid\u00e9os :\u00a0 C1D Didier Lapalus\u00a0 Extrait de l&rsquo;\u00e9mission \u00ab\u00a0Des Racines et Des Ailes : Des monts Jura au Val de Sa\u00f4ne\u00a0\u00bb diffus\u00e9e [&hellip;]","og_url":"https:\/\/www.chateaudesaintbernard.com\/en\/mentions-legales\/","og_site_name":"Chateau de Saint Bernard","article_modified_time":"2025-07-21T19:05:08+00:00","twitter_card":"summary_large_image","twitter_misc":{"Estimated reading time":"3 minutes"},"schema":{"@context":"https:\/\/schema.org","@graph":[{"@type":"WebPage","@id":"https:\/\/www.chateaudesaintbernard.com\/mentions-legales\/","url":"https:\/\/www.chateaudesaintbernard.com\/mentions-legales\/","name":"Mentions l\u00e9gales | Ch\u00e2teau St Bernard","isPartOf":{"@id":"https:\/\/www.chateaudesaintbernard.com\/#website"},"datePublished":"2021-04-16T07:44:52+00:00","dateModified":"2025-07-21T19:05:08+00:00","breadcrumb":{"@id":"https:\/\/www.chateaudesaintbernard.com\/mentions-legales\/#breadcrumb"},"inLanguage":"en-GB","potentialAction":[{"@type":"ReadAction","target":["https:\/\/www.chateaudesaintbernard.com\/mentions-legales\/"]}]},{"@type":"BreadcrumbList","@id":"https:\/\/www.chateaudesaintbernard.com\/mentions-legales\/#breadcrumb","itemListElement":[{"@type":"ListItem","position":1,"name":"Accueil","item":"https:\/\/www.chateaudesaintbernard.com\/"},{"@type":"ListItem","position":2,"name":"Mentions l\u00e9gales"}]},{"@type":"WebSite","@id":"https:\/\/www.chateaudesaintbernard.com\/#website","url":"https:\/\/www.chateaudesaintbernard.com\/","name":"Chateau de Saint Bernard","description":"Organisez vos mariages, s\u00e9minaires et \u00e9v\u00e8nements","publisher":{"@id":"https:\/\/www.chateaudesaintbernard.com\/#organization"},"potentialAction":[{"@type":"SearchAction","target":{"@type":"EntryPoint","urlTemplate":"https:\/\/www.chateaudesaintbernard.com\/?s={search_term_string}"},"query-input":{"@type":"PropertyValueSpecification","valueRequired":true,"valueName":"search_term_string"}}],"inLanguage":"en-GB"},{"@type":"Organization","@id":"https:\/\/www.chateaudesaintbernard.com\/#organization","name":"Chateau de Saint Bernard","url":"https:\/\/www.chateaudesaintbernard.com\/","logo":{"@type":"ImageObject","inLanguage":"en-GB","@id":"https:\/\/www.chateaudesaintbernard.com\/#\/schema\/logo\/image\/","url":"https:\/\/www.chateaudesaintbernard.com\/wp-content\/uploads\/2024\/12\/Saint-Bernard-histoire.webp","contentUrl":"https:\/\/www.chateaudesaintbernard.com\/wp-content\/uploads\/2024\/12\/Saint-Bernard-histoire.webp","width":1000,"height":749,"caption":"Chateau de Saint Bernard"},"image":{"@id":"https:\/\/www.chateaudesaintbernard.com\/#\/schema\/logo\/image\/"}}]}},"_links":{"self":[{"href":"https:\/\/www.chateaudesaintbernard.com\/en\/wp-json\/wp\/v2\/pages\/17","targetHints":{"allow":["GET"]}}],"collection":[{"href":"https:\/\/www.chateaudesaintbernard.com\/en\/wp-json\/wp\/v2\/pages"}],"about":[{"href":"https:\/\/www.chateaudesaintbernard.com\/en\/wp-json\/wp\/v2\/types\/page"}],"author":[{"embeddable":true,"href":"https:\/\/www.chateaudesaintbernard.com\/en\/wp-json\/wp\/v2\/users\/1"}],"replies":[{"embeddable":true,"href":"https:\/\/www.chateaudesaintbernard.com\/en\/wp-json\/wp\/v2\/comments?post=17"}],"version-history":[{"count":110,"href":"https:\/\/www.chateaudesaintbernard.com\/en\/wp-json\/wp\/v2\/pages\/17\/revisions"}],"predecessor-version":[{"id":3476,"href":"https:\/\/www.chateaudesaintbernard.com\/en\/wp-json\/wp\/v2\/pages\/17\/revisions\/3476"}],"wp:attachment":[{"href":"https:\/\/www.chateaudesaintbernard.com\/en\/wp-json\/wp\/v2\/media?parent=17"}],"curies":[{"name":"wp","href":"https:\/\/api.w.org\/{rel}","templated":true}]}}